{"id":357,"date":"2019-03-08T15:24:09","date_gmt":"2019-03-08T15:24:09","guid":{"rendered":"http:\/\/hotel-orologio.ms.decms.eu\/?page_id=357"},"modified":"2024-07-01T15:55:02","modified_gmt":"2024-07-01T15:55:02","slug":"privacy","status":"publish","type":"page","link":"https:\/\/www.hotelorologio.com\/en\/privacy\/","title":{"rendered":"Privacy"},"content":{"rendered":"<p><strong>INFORMATIVA RELATIVA AL TRATTAMENTO DEI DATI PERSONALI<\/strong><\/p>\n<p><strong>Ai sensi dell\u2019Art. 13 del Regolamento UE 2016\/679 e D.lgs. 196\/03 e ss. mm. ii.<\/strong><\/p>\n<p>Questa informativa riguarda il trattamento di dati personali effettuato dall\u2019Hotel Orologio di Ferrara su questo sito web.<\/p>\n<p><u>Il Titolare del trattamento<\/u> \u00e8 DARSHOTEL S.R.L., in persona del legale rappresentante &#8211; P.IVA: 04432870287, con sede legale in Via Ugo Bassi n. 3 &#8211; 40121 Bologna, rispetto all\u2019attivit\u00e0 effettuata da Hotel Orologio con sede operativa in Via Darsena n. 67, 44122 Ferrara.<\/p>\n<p>Durante la consultazione delle nostre pagine web \u00e8 possibile che vengano raccolte informazioni e dati personali, anche tramite la compilazione volontaria di form in esso presenti. In questo sito vengono utilizzati cookie o tecnologie similari, per i quali si rinvia all\u2019apposita informativa.<\/p>\n<p>&nbsp;<\/p>\n<p><u>Finalit\u00e0 del trattamento<\/u>. I dati forniti da Lei (di seguito definito \u201cl\u2019Interessato\u201d) saranno trattati nel pieno rispetto del Regolamento UE 679\/2016 e del D.Lgs 196\/2003 e verranno utilizzati per le seguenti finalit\u00e0:<\/p>\n<ol>\n<li>Navigare sul sito web;<\/li>\n<li>Effettuare prenotazioni tramite booking on-line;<\/li>\n<li>Rispondere ad eventuali domande o richieste;<\/li>\n<li>Trasmettere all\u2019interessato materiale informativo e promozionale (newsletter).<\/li>\n<\/ol>\n<p>&nbsp;<\/p>\n<p><u>Base giuridica<\/u>. Per i trattamenti di cui ai punti a) b) c) la base giuridica del trattamento \u00e8 l\u2019esecuzione di un contratto o di misure precontrattuali. Per il trattamento di cui al punto d) la base giuridica del trattamento \u00e8 il consenso, che deve essere specificamente fornito dall\u2019interessato.<\/p>\n<p>&nbsp;<\/p>\n<p><u>Termine di conservazione<\/u>. I dati saranno conservati per il tempo strettamente necessario a fornire all&#8217;Interessato i servizi richiesti e saranno in ogni caso eliminati a seguito di richiesta dell&#8217;Interessato, salvi ulteriori obblighi di conservazione previsti dalla legge. In riferimento al trattamento di cui al punto d) i dati verranno conservati per un periodo di 2 anni (come da Provvedimento del Garante del 24 febbraio 2005), ferma restando la possibilit\u00e0 dell\u2019Interessato di cancellare i propri dati in ogni momento.<\/p>\n<p>&nbsp;<\/p>\n<p><u>Trattamento<\/u>. Il trattamento dei dati avverr\u00e0, da parte di personale incaricato dal Titolare con procedure, strumenti tecnici e informatici idonei a tutelare la riservatezza e la sicurezza dei dati dell&#8217;Interessato e consiste nella loro raccolta, registrazione, organizzazione, conservazione, consultazione, elaborazione, modificazione, selezione, estrazione, raffronto, utilizzo, interconnessione, blocco, comunicazione, diffusione, cancellazione, distruzione degli stessi comprese la combinazione di due o pi\u00f9 delle attivit\u00e0 suddette.<\/p>\n<p>&nbsp;<\/p>\n<p><u>Comunicazione e diffusione<\/u>. Nell&#8217;ambito della sua attivit\u00e0 e per le finalit\u00e0 sopra indicate il Titolare potr\u00e0 avvalersi di servizi resi da soggetti terzi che operano per conto del Titolare e secondo le sue istruzioni, quali responsabili del trattamento. Si tratta di fornitori, partner commerciali e produttivi, intermediari, consulenti tecnici e medici e altri soggetti analoghi che collaborano con la nostra organizzazione per assolvere gli impegni contrattuali con lei assunti; soggetti che forniscono un servizio strettamente e necessariamente collegato all\u2019attivit\u00e0 del Titolare quali consulenti fiscali, banche, spedizionieri, assicurazioni, enti pubblici e privati, anche relativamente a ispezioni o verifiche; soggetti che possono accedere ai dati in forza di disposizioni di legge.<\/p>\n<p>L\u2019Interessato potr\u00e0 richiedere un elenco completo e aggiornato dei soggetti nominati responsabili del trattamento rivolgendosi al contatto sotto indicato.<\/p>\n<p>I dati potranno essere altres\u00ec comunicati a tutti quei soggetti autorizzati per legge alla loro raccolta (es. aziende provinciale per i servizi sanitari, amministrazione finanziaria ecc.)<\/p>\n<p>I dati dell&#8217;Interessato non saranno diffusi.<\/p>\n<p>&nbsp;<\/p>\n<p><u>Trasferimento<\/u>. I dati potranno essere trasferiti all\u2019interno della Unione Europea, ove il Titolare o i suoi fornitori e collaboratori abbiano sede o abbiano i propri server. I dati non saranno trasferiti fuori dalla Unione Europea.<\/p>\n<p>&nbsp;<\/p>\n<p><strong>Cookies<\/strong><\/p>\n<p>L\u2019uso di c.d. cookies di sessione (che non vengono memorizzati in modo persistente sul computer dell\u2019utente e svaniscono con la chiusura del browser) \u00e8 strettamente limitato alla trasmissione di identificativi di sessione (costituiti da numeri casuali generati dal server) necessari per consentire l\u2019esplorazione sicura ed efficiente del sito. I c.d. cookies di sessione utilizzati in questo sito evitano il ricorso ad altre tecniche informatiche potenzialmente pregiudizievoli per la riservatezza della navigazione degli utenti e non consentono l\u2019acquisizione di dati personali identificativi dell\u2019utente.<\/p>\n<p>&nbsp;<\/p>\n<p>Per poter scegliere o modificare o essere informati dettagliatamente delle opzioni disponibili sull\u2019utilizzo dei cookies da parte di D-EDGE clicca su https:\/\/staticaws.fbwebprogram.com\/fbcdn\/jquery_plugins\/fb-cookie-law\/text\/it.html<\/p>\n<p>&nbsp;<\/p>\n<p><strong>MODALIT\u00c0 DEL TRATTAMENTO<\/strong><\/p>\n<p>I dati personali sono trattati con strumenti automatizzati per il tempo necessario a conseguire gli scopi per cui sono stati raccolti. Specifiche misure di sicurezza sono osservate per prevenire la perdita dei dati, usi illeciti o non corretti ed accessi non autorizzati.<\/p>\n<p>&nbsp;<\/p>\n<p><strong>SICUREZZA SISTEMA DI PRENOTAZIONI<\/strong><\/p>\n<p>D-EDGE utilizza le carte di credito fornite in fase di prenotazione conformemente al protocollo di sicurezza PCI DSS (Standard di sicurezza dei dati dell&#8217;industria delle carte di pagamento). Tutte le informazioni inviate a questo sito, se in una sessione SSL, sono criptate e protette contro la divulgazione a terze parti.<\/p>\n<p>&nbsp;<\/p>\n<p><strong>DIRITTI DELL\u2019INTERESSATO<\/strong>:<\/p>\n<ul>\n<li>Diritto di accesso (art. 15 GDPR). Diritto dell\u2019Interessato ad ottenere l\u2019accesso ai propri dati e di porre reclamo all&#8217;autorit\u00e0 di controllo;<\/li>\n<li>Diritto di rettifica (art. 16 GDPR). Diritto dell\u2019Interessato ad ottenere dal Titolare del trattamento la rettifica dei dati personali inesatti che lo riguardano;<\/li>\n<li>Diritto alla cancellazione (diritto all\u2019oblio) (art. 17 GDPR). L\u2019Interessato ha diritto di ottenere dal Titolare del trattamento la cancellazione dei dati personali che lo riguardano senza ingiustificato ritardo;<\/li>\n<li>Diritto alla limitazione di trattamento (art. 18 GDPR). Diritto dell\u2019Interessato di ottenere una limitazione del trattamento del dato;<\/li>\n<li>Obbligo di notifica (art. 19 GDPR). Il Titolare del trattamento comunica a ciascuno dei destinatari cui sono stati trasmessi i dati personali le eventuali rettifiche o cancellazioni o limitazioni del trattamento effettuate a norma degli artt. 16; 17; 18;<\/li>\n<li>Diritto alla portabilit\u00e0 dei dati (art. 20 GDPR). L\u2019Interessato ha diritto di ricevere i dati personali che lo riguardano forniti al Titolare e ha il diritto di trasmettere tali dati ad altro titolare di trattamento senza impedimenti da parte del Titolare;<\/li>\n<li>Diritto all\u2019opposizione (art. 21 GDPR). Diritto dell\u2019Interessato di opporsi al trattamento dei suoi dati personali;<\/li>\n<li>Profilazione (art. 22 GDPR). L\u2019Interessato ha il diritto di non essere sottoposto a una decisione basata unicamente sul trattamento automatizzato, compresa la profilazione o che incida significativamente sulla sua persona.<\/li>\n<li>Diritto di proporre reclamo a un\u2019autorit\u00e0 di controllo (art. 13 lett d GDPR).<\/li>\n<\/ul>\n<p>Per contattare il Titolare del trattamento potr\u00e0 rivolgersi al seguente numero di telefono +39.0532769576 o all\u2019indirizzo e-mail info@hotelorologio.com<\/p>\n<p>&nbsp;<\/p>\n<p><strong>Ultimo aggiornamento alla data del 13.02.2019<\/strong><\/p>\n","protected":false},"excerpt":{"rendered":"<p>INFORMATIVA RELATIVA AL TRATTAMENTO DEI DATI PERSONALI Ai sensi dell\u2019Art. 13 del Regolamento UE 2016\/679 e D.lgs. 196\/03 e ss. mm. ii. Questa informativa riguarda il trattamento di dati personali effettuato dall\u2019Hotel Orologio di Ferrara su questo sito web. Il Titolare del trattamento \u00e8 DARSHOTEL S.R.L., in persona del legale rappresentante &#8211; P.IVA: 04432870287, con [&hellip;]<\/p>\n","protected":false},"author":7,"featured_media":0,"parent":0,"menu_order":10,"comment_status":"closed","ping_status":"closed","template":"","meta":{"footnotes":""},"class_list":["post-357","page","type-page","status-publish","hentry"],"yoast_head":"<!-- This site is optimized with the Yoast SEO plugin v26.9 - https:\/\/yoast.com\/product\/yoast-seo-wordpress\/ -->\n<title>Privacy - Hotel Orologio Ferrara<\/title>\n<meta name=\"robots\" content=\"index, follow, max-snippet:-1, max-image-preview:large, max-video-preview:-1\" \/>\n<link rel=\"canonical\" href=\"https:\/\/www.hotelorologio.com\/en\/privacy\/\" \/>\n<meta property=\"og:locale\" content=\"en_US\" \/>\n<meta property=\"og:type\" content=\"article\" \/>\n<meta property=\"og:title\" content=\"Privacy - Hotel Orologio Ferrara\" \/>\n<meta property=\"og:description\" content=\"INFORMATIVA RELATIVA AL TRATTAMENTO DEI DATI PERSONALI Ai sensi dell\u2019Art. 13 del Regolamento UE 2016\/679 e D.lgs. 196\/03 e ss. mm. ii. Questa informativa riguarda il trattamento di dati personali effettuato dall\u2019Hotel Orologio di Ferrara su questo sito web. Il Titolare del trattamento \u00e8 DARSHOTEL S.R.L., in persona del legale rappresentante &#8211; P.IVA: 04432870287, con [&hellip;]\" \/>\n<meta property=\"og:url\" content=\"https:\/\/www.hotelorologio.com\/en\/privacy\/\" \/>\n<meta property=\"og:site_name\" content=\"Hotel Orologio Ferrara\" \/>\n<meta property=\"article:modified_time\" content=\"2024-07-01T15:55:02+00:00\" \/>\n<meta name=\"twitter:card\" content=\"summary_large_image\" \/>\n<meta name=\"twitter:label1\" content=\"Est. reading time\" \/>\n\t<meta name=\"twitter:data1\" content=\"6 minutes\" \/>\n<script type=\"application\/ld+json\" class=\"yoast-schema-graph\">{\"@context\":\"https:\/\/schema.org\",\"@graph\":[{\"@type\":\"WebPage\",\"@id\":\"https:\/\/www.hotelorologio.com\/en\/privacy\/\",\"url\":\"https:\/\/www.hotelorologio.com\/en\/privacy\/\",\"name\":\"Privacy - Hotel Orologio Ferrara\",\"isPartOf\":{\"@id\":\"https:\/\/www.hotelorologio.com\/en\/#website\"},\"datePublished\":\"2019-03-08T15:24:09+00:00\",\"dateModified\":\"2024-07-01T15:55:02+00:00\",\"breadcrumb\":{\"@id\":\"https:\/\/www.hotelorologio.com\/en\/privacy\/#breadcrumb\"},\"inLanguage\":\"en-US\",\"potentialAction\":[{\"@type\":\"ReadAction\",\"target\":[\"https:\/\/www.hotelorologio.com\/en\/privacy\/\"]}]},{\"@type\":\"BreadcrumbList\",\"@id\":\"https:\/\/www.hotelorologio.com\/en\/privacy\/#breadcrumb\",\"itemListElement\":[{\"@type\":\"ListItem\",\"position\":1,\"name\":\"Home\",\"item\":\"https:\/\/www.hotelorologio.com\/en\/\"},{\"@type\":\"ListItem\",\"position\":2,\"name\":\"Privacy\"}]},{\"@type\":\"WebSite\",\"@id\":\"https:\/\/www.hotelorologio.com\/en\/#website\",\"url\":\"https:\/\/www.hotelorologio.com\/en\/\",\"name\":\"Hotel Orologio Ferrara\",\"description\":\"Just another ms.decms.eu site\",\"potentialAction\":[{\"@type\":\"SearchAction\",\"target\":{\"@type\":\"EntryPoint\",\"urlTemplate\":\"https:\/\/www.hotelorologio.com\/en\/?s={search_term_string}\"},\"query-input\":{\"@type\":\"PropertyValueSpecification\",\"valueRequired\":true,\"valueName\":\"search_term_string\"}}],\"inLanguage\":\"en-US\"}]}<\/script>\n<!-- \/ Yoast SEO plugin. -->","yoast_head_json":{"title":"Privacy - Hotel Orologio Ferrara","robots":{"index":"index","follow":"follow","max-snippet":"max-snippet:-1","max-image-preview":"max-image-preview:large","max-video-preview":"max-video-preview:-1"},"canonical":"https:\/\/www.hotelorologio.com\/en\/privacy\/","og_locale":"en_US","og_type":"article","og_title":"Privacy - Hotel Orologio Ferrara","og_description":"INFORMATIVA RELATIVA AL TRATTAMENTO DEI DATI PERSONALI Ai sensi dell\u2019Art. 13 del Regolamento UE 2016\/679 e D.lgs. 196\/03 e ss. mm. ii. Questa informativa riguarda il trattamento di dati personali effettuato dall\u2019Hotel Orologio di Ferrara su questo sito web. Il Titolare del trattamento \u00e8 DARSHOTEL S.R.L., in persona del legale rappresentante &#8211; P.IVA: 04432870287, con [&hellip;]","og_url":"https:\/\/www.hotelorologio.com\/en\/privacy\/","og_site_name":"Hotel Orologio Ferrara","article_modified_time":"2024-07-01T15:55:02+00:00","twitter_card":"summary_large_image","twitter_misc":{"Est. reading time":"6 minutes"},"schema":{"@context":"https:\/\/schema.org","@graph":[{"@type":"WebPage","@id":"https:\/\/www.hotelorologio.com\/en\/privacy\/","url":"https:\/\/www.hotelorologio.com\/en\/privacy\/","name":"Privacy - Hotel Orologio Ferrara","isPartOf":{"@id":"https:\/\/www.hotelorologio.com\/en\/#website"},"datePublished":"2019-03-08T15:24:09+00:00","dateModified":"2024-07-01T15:55:02+00:00","breadcrumb":{"@id":"https:\/\/www.hotelorologio.com\/en\/privacy\/#breadcrumb"},"inLanguage":"en-US","potentialAction":[{"@type":"ReadAction","target":["https:\/\/www.hotelorologio.com\/en\/privacy\/"]}]},{"@type":"BreadcrumbList","@id":"https:\/\/www.hotelorologio.com\/en\/privacy\/#breadcrumb","itemListElement":[{"@type":"ListItem","position":1,"name":"Home","item":"https:\/\/www.hotelorologio.com\/en\/"},{"@type":"ListItem","position":2,"name":"Privacy"}]},{"@type":"WebSite","@id":"https:\/\/www.hotelorologio.com\/en\/#website","url":"https:\/\/www.hotelorologio.com\/en\/","name":"Hotel Orologio Ferrara","description":"Just another ms.decms.eu site","potentialAction":[{"@type":"SearchAction","target":{"@type":"EntryPoint","urlTemplate":"https:\/\/www.hotelorologio.com\/en\/?s={search_term_string}"},"query-input":{"@type":"PropertyValueSpecification","valueRequired":true,"valueName":"search_term_string"}}],"inLanguage":"en-US"}]}},"acf":[],"_links":{"self":[{"href":"https:\/\/www.hotelorologio.com\/en\/wp-json\/wp\/v2\/pages\/357","targetHints":{"allow":["GET"]}}],"collection":[{"href":"https:\/\/www.hotelorologio.com\/en\/wp-json\/wp\/v2\/pages"}],"about":[{"href":"https:\/\/www.hotelorologio.com\/en\/wp-json\/wp\/v2\/types\/page"}],"author":[{"embeddable":true,"href":"https:\/\/www.hotelorologio.com\/en\/wp-json\/wp\/v2\/users\/7"}],"replies":[{"embeddable":true,"href":"https:\/\/www.hotelorologio.com\/en\/wp-json\/wp\/v2\/comments?post=357"}],"version-history":[{"count":0,"href":"https:\/\/www.hotelorologio.com\/en\/wp-json\/wp\/v2\/pages\/357\/revisions"}],"wp:attachment":[{"href":"https:\/\/www.hotelorologio.com\/en\/wp-json\/wp\/v2\/media?parent=357"}],"curies":[{"name":"wp","href":"https:\/\/api.w.org\/{rel}","templated":true}]}}